{"id":1256,"date":"2021-03-19T21:58:39","date_gmt":"2021-03-19T20:58:39","guid":{"rendered":"https:\/\/pdspraha.eu\/povinne-zverejnovane-udaje\/"},"modified":"2025-06-25T14:40:41","modified_gmt":"2025-06-25T12:40:41","slug":"obligatory-disclosures","status":"publish","type":"page","link":"https:\/\/pdspraha.eu\/en\/obligatory-disclosures\/","title":{"rendered":"Obligatory Disclosures"},"content":{"rendered":"[vc_row type=&#8221;full_width_background&#8221; full_screen_row_position=&#8221;middle&#8221; column_margin=&#8221;default&#8221; column_direction=&#8221;default&#8221; column_direction_tablet=&#8221;default&#8221; column_direction_phone=&#8221;default&#8221; scene_position=&#8221;center&#8221; top_padding=&#8221;7%&#8221; bottom_padding=&#8221;7%&#8221; text_color=&#8221;dark&#8221; text_align=&#8221;left&#8221; row_border_radius=&#8221;none&#8221; row_border_radius_applies=&#8221;bg&#8221; overflow=&#8221;visible&#8221; overlay_strength=&#8221;0.3&#8243; gradient_direction=&#8221;left_to_right&#8221; shape_divider_position=&#8221;bottom&#8221; bg_image_animation=&#8221;none&#8221; shape_type=&#8221;&#8221;][vc_column column_padding=&#8221;no-extra-padding&#8221; column_padding_tablet=&#8221;inherit&#8221; column_padding_phone=&#8221;inherit&#8221; column_padding_position=&#8221;all&#8221; column_element_direction_desktop=&#8221;default&#8221; column_element_spacing=&#8221;default&#8221; desktop_text_alignment=&#8221;default&#8221; tablet_text_alignment=&#8221;default&#8221; phone_text_alignment=&#8221;default&#8221; background_color_opacity=&#8221;1&#8243; background_hover_color_opacity=&#8221;1&#8243; column_backdrop_filter=&#8221;none&#8221; column_shadow=&#8221;none&#8221; column_border_radius=&#8221;none&#8221; column_link_target=&#8221;_self&#8221; column_position=&#8221;default&#8221; gradient_direction=&#8221;left_to_right&#8221; overlay_strength=&#8221;0.3&#8243; width=&#8221;1\/2&#8243; tablet_width_inherit=&#8221;default&#8221; animation_type=&#8221;default&#8221; bg_image_animation=&#8221;none&#8221; border_type=&#8221;simple&#8221; column_border_width=&#8221;none&#8221; column_border_style=&#8221;solid&#8221; column_padding_type=&#8221;default&#8221; gradient_type=&#8221;default&#8221;][vc_custom_heading text=&#8221;Obligatory Disclosures&#8221; font_container=&#8221;tag:p|font_size:27|text_align:left&#8221; google_fonts=&#8221;font_family:Roboto%3A100%2C100italic%2C300%2C300italic%2Cregular%2Citalic%2C500%2C500italic%2C700%2C700italic%2C900%2C900italic|font_style:500%20bold%20regular%3A500%3Anormal&#8221; css_animation=&#8221;fadeIn&#8221; css=&#8221;&#8221;][divider line_type=&#8221;No Line&#8221;][toggles style=&#8221;minimal_small&#8221;][toggle color=&#8221;Extra-Color-1&#8243; heading_tag=&#8221;default&#8221; heading_tag_functionality=&#8221;default&#8221; title=&#8221;Full Official Name&#8221;][vc_column_text css_animation=&#8221;none&#8221;]<span style=\"font-weight: 400;\">Pra\u017esk\u00e1 developersk\u00e1 spole\u010dnost, Statutory Corporation of City of Prague<br \/>\n<\/span>[\/vc_column_text][\/toggle][toggle color=&#8221;Extra-Color-1&#8243; heading_tag=&#8221;default&#8221; heading_tag_functionality=&#8221;default&#8221; title=&#8221;Incorporator Designation&#8221;][vc_column_text]<span style=\"font-weight: 400;\">The City of Prague based at Mari\u00e1nsk\u00e9 n\u00e1m\u011bst\u00ed 2\/2<br \/>\n110 01 Prague 1<br \/>\nCommercial registration number: 00064581<\/span>[\/vc_column_text][\/toggle][toggle color=&#8221;Extra-Color-1&#8243; heading_tag=&#8221;default&#8221; heading_tag_functionality=&#8221;default&#8221; title=&#8221;Charter of the Foundation&#8221;][vc_column_text]<a href=\"https:\/\/pdspraha.eu\/wp-content\/uploads\/2022\/08\/220701_zrizovaci-listina-k-1_6_2022.pdf\" target=\"_blank\" rel=\"noopener\">Charter of the Foundation<\/a><\/p>\n[\/vc_column_text][\/toggle][toggle color=&#8221;Extra-Color-1&#8243; heading_tag=&#8221;default&#8221; heading_tag_functionality=&#8221;default&#8221; title=&#8221;Definition of the Main Purpose and Subject of Activity of the Organization&#8221;][vc_column_text]<span style=\"font-weight: 400;\">The organization is established for the purpose of the provision of comprehensive services and activities associated with administration and use of real-estate assets owned by the founder with the aim to develop these assets in the long term (in particular, but not exclusively, land owned by the founder intended for house building) with the aim to initiate, prepare and ensure implementation of the projects of municipal housing (particularly flats) and coordination with other subjects taking part in development of the city mainly in the field of housing.<\/span>[\/vc_column_text][\/toggle][toggle color=&#8221;Extra-Color-1&#8243; heading_tag=&#8221;default&#8221; heading_tag_functionality=&#8221;default&#8221; title=&#8221;Organizational Structure&#8221;][\/toggle][toggle color=&#8221;Extra-Color-1&#8243; heading_tag=&#8221;default&#8221; heading_tag_functionality=&#8221;default&#8221; title=&#8221;Contacts and Filing Office&#8221;][vc_column_text]<strong>Address<br \/>\n<\/strong><span style=\"font-weight: 400;\">Pra\u017esk\u00e1 developersk\u00e1 spole\u010dnost, municipality-funded organization<br \/>\n<\/span><span style=\"font-weight: 400;\">U Radnice 10\/2<br \/>\n<\/span><span style=\"font-weight: 400;\">110 00 Prague 1<\/span><\/p>\n<p><span style=\"font-weight: 400;\"><strong>Filing Office<\/strong><br \/>\nMonday \u2013 Friday from 9:00 am to 5:00 pm<\/span><\/p>\n<p><span style=\"font-weight: 400;\"><strong>Commercial registration number:<\/strong><\/span><span style=\"font-weight: 400;\"> 09211322<\/span><span style=\"font-weight: 400;\"><br \/>\n<\/span><span style=\"font-weight: 400;\"><strong>Data box:<\/strong> 46ziusv<\/span><\/p>\n<p><strong>Telephone:<\/strong> <span style=\"font-weight: 400;\">+420 771 173 911<br \/>\n<\/span><strong>E-mail: <\/strong><a href=\"mailto:info@pdspraha.eu\"><span style=\"font-weight: 400;\">info@pdspraha.eu<\/span><\/a>[\/vc_column_text][\/toggle][toggle color=&#8221;Extra-Color-1&#8243; heading_tag=&#8221;default&#8221; heading_tag_functionality=&#8221;default&#8221; title=&#8221;Bank details&#8221;][vc_column_text]<span style=\"font-weight: 400;\">2031590006\/6000<\/span>[\/vc_column_text][\/toggle][\/toggles][\/vc_column][vc_column column_padding=&#8221;no-extra-padding&#8221; column_padding_tablet=&#8221;inherit&#8221; column_padding_phone=&#8221;inherit&#8221; column_padding_position=&#8221;all&#8221; column_element_direction_desktop=&#8221;default&#8221; column_element_spacing=&#8221;default&#8221; desktop_text_alignment=&#8221;default&#8221; tablet_text_alignment=&#8221;default&#8221; phone_text_alignment=&#8221;default&#8221; background_color_opacity=&#8221;1&#8243; background_hover_color_opacity=&#8221;1&#8243; column_backdrop_filter=&#8221;none&#8221; column_shadow=&#8221;none&#8221; column_border_radius=&#8221;none&#8221; column_link_target=&#8221;_self&#8221; column_position=&#8221;default&#8221; gradient_direction=&#8221;left_to_right&#8221; overlay_strength=&#8221;0.3&#8243; width=&#8221;1\/2&#8243; tablet_width_inherit=&#8221;default&#8221; animation_type=&#8221;default&#8221; bg_image_animation=&#8221;none&#8221; border_type=&#8221;simple&#8221; column_border_width=&#8221;none&#8221; column_border_style=&#8221;solid&#8221;][image_with_animation image_url=&#8221;525&#8243; image_size=&#8221;full&#8221; animation_type=&#8221;entrance&#8221; animation=&#8221;Grow In&#8221; animation_easing=&#8221;default&#8221; animation_movement_type=&#8221;transform_y&#8221; hover_animation=&#8221;none&#8221; alignment=&#8221;&#8221; border_radius=&#8221;none&#8221; box_shadow=&#8221;none&#8221; image_loading=&#8221;default&#8221; max_width=&#8221;100%&#8221; max_width_mobile=&#8221;default&#8221;][\/vc_column][\/vc_row]\n","protected":false},"excerpt":{"rendered":"<p>[vc_row type=&#8221;full_width_background&#8221; full_screen_row_position=&#8221;middle&#8221; column_margin=&#8221;default&#8221; column_direction=&#8221;default&#8221; column_direction_tablet=&#8221;default&#8221; column_direction_phone=&#8221;default&#8221; scene_position=&#8221;center&#8221; top_padding=&#8221;7%&#8221; bottom_padding=&#8221;7%&#8221; text_color=&#8221;dark&#8221; text_align=&#8221;left&#8221; row_border_radius=&#8221;none&#8221; row_border_radius_applies=&#8221;bg&#8221; overflow=&#8221;visible&#8221; overlay_strength=&#8221;0.3&#8243; gradient_direction=&#8221;left_to_right&#8221; shape_divider_position=&#8221;bottom&#8221; bg_image_animation=&#8221;none&#8221; shape_type=&#8221;&#8221;][vc_column column_padding=&#8221;no-extra-padding&#8221; column_padding_tablet=&#8221;inherit&#8221; column_padding_phone=&#8221;inherit&#8221; column_padding_position=&#8221;all&#8221; column_element_direction_desktop=&#8221;default&#8221; column_element_spacing=&#8221;default&#8221; desktop_text_alignment=&#8221;default&#8221; tablet_text_alignment=&#8221;default&#8221; phone_text_alignment=&#8221;default&#8221; background_color_opacity=&#8221;1&#8243;&#8230;<\/p>\n","protected":false},"author":1,"featured_media":0,"parent":0,"menu_order":0,"comment_status":"closed","ping_status":"closed","template":"","meta":{"footnotes":""},"categories":[],"tags":[],"class_list":["post-1256","page","type-page","status-publish"],"_links":{"self":[{"href":"https:\/\/pdspraha.eu\/en\/wp-json\/wp\/v2\/pages\/1256","targetHints":{"allow":["GET"]}}],"collection":[{"href":"https:\/\/pdspraha.eu\/en\/wp-json\/wp\/v2\/pages"}],"about":[{"href":"https:\/\/pdspraha.eu\/en\/wp-json\/wp\/v2\/types\/page"}],"author":[{"embeddable":true,"href":"https:\/\/pdspraha.eu\/en\/wp-json\/wp\/v2\/users\/1"}],"replies":[{"embeddable":true,"href":"https:\/\/pdspraha.eu\/en\/wp-json\/wp\/v2\/comments?post=1256"}],"version-history":[{"count":20,"href":"https:\/\/pdspraha.eu\/en\/wp-json\/wp\/v2\/pages\/1256\/revisions"}],"predecessor-version":[{"id":7372,"href":"https:\/\/pdspraha.eu\/en\/wp-json\/wp\/v2\/pages\/1256\/revisions\/7372"}],"wp:attachment":[{"href":"https:\/\/pdspraha.eu\/en\/wp-json\/wp\/v2\/media?parent=1256"}],"wp:term":[{"taxonomy":"category","embeddable":true,"href":"https:\/\/pdspraha.eu\/en\/wp-json\/wp\/v2\/categories?post=1256"},{"taxonomy":"post_tag","embeddable":true,"href":"https:\/\/pdspraha.eu\/en\/wp-json\/wp\/v2\/tags?post=1256"}],"curies":[{"name":"wp","href":"https:\/\/api.w.org\/{rel}","templated":true}]}}